{"id":2394,"date":"2024-11-07T11:24:15","date_gmt":"2024-11-07T11:24:15","guid":{"rendered":"https:\/\/silk.lauracharlie.com\/?page_id=2394"},"modified":"2025-06-06T10:15:27","modified_gmt":"2025-06-06T10:15:27","slug":"cover-new","status":"publish","type":"page","link":"https:\/\/silk.lauracharlie.com\/","title":{"rendered":"cover new"},"content":{"rendered":"\t\t<div data-elementor-type=\"wp-page\" data-elementor-id=\"2394\" class=\"elementor elementor-2394\" data-elementor-post-type=\"page\">\n\t\t\t\t<div class=\"elementor-element elementor-element-96b0c20 e-con-full e-flex e-con e-parent\" data-id=\"96b0c20\" data-element_type=\"container\" data-e-type=\"container\">\n\t\t\t\t<div class=\"elementor-element elementor-element-f5923d1 elementor-widget elementor-widget-spacer\" data-id=\"f5923d1\" data-element_type=\"widget\" data-e-type=\"widget\" data-widget_type=\"spacer.default\">\n\t\t\t\t<div class=\"elementor-widget-container\">\n\t\t\t\t\t\t\t<div class=\"elementor-spacer\">\n\t\t\t<div class=\"elementor-spacer-inner\"><\/div>\n\t\t<\/div>\n\t\t\t\t\t\t<\/div>\n\t\t\t\t<\/div>\n\t\t\t\t<\/div>\n\t\t<div class=\"elementor-element elementor-element-da5215c e-con-full e-transform e-flex e-con e-parent\" data-id=\"da5215c\" data-element_type=\"container\" data-e-type=\"container\" data-settings=\"{&quot;background_background&quot;:&quot;video&quot;,&quot;background_video_link&quot;:&quot;https:\\\/\\\/silk.lauracharlie.com\\\/wp-content\\\/uploads\\\/2023\\\/05\\\/vent-no-grand-edit3-masc.mp4&quot;,&quot;background_video_start&quot;:0,&quot;background_video_end&quot;:21,&quot;background_play_on_mobile&quot;:&quot;yes&quot;,&quot;_transform_scale_effect_mobile&quot;:{&quot;unit&quot;:&quot;px&quot;,&quot;size&quot;:0.90000000000000002220446049250313080847263336181640625,&quot;sizes&quot;:[]},&quot;background_play_once&quot;:&quot;yes&quot;,&quot;_transform_scale_effect&quot;:{&quot;unit&quot;:&quot;px&quot;,&quot;size&quot;:&quot;&quot;,&quot;sizes&quot;:[]},&quot;_transform_scale_effect_tablet&quot;:{&quot;unit&quot;:&quot;px&quot;,&quot;size&quot;:&quot;&quot;,&quot;sizes&quot;:[]}}\">\n\t\t<div class=\"elementor-background-video-container\">\n\t\t\t\t\t\t\t<video class=\"elementor-background-video-hosted\" role=\"presentation\" autoplay muted playsinline><\/video>\n\t\t\t\t\t<\/div>\t\t<\/div>\n\t\t<div class=\"elementor-element elementor-element-3ece92c e-con-full e-flex e-con e-parent\" data-id=\"3ece92c\" data-element_type=\"container\" data-e-type=\"container\">\n\t\t\t\t<div class=\"elementor-element elementor-element-deab2bd elementor-widget elementor-widget-spacer\" data-id=\"deab2bd\" data-element_type=\"widget\" data-e-type=\"widget\" data-widget_type=\"spacer.default\">\n\t\t\t\t<div class=\"elementor-widget-container\">\n\t\t\t\t\t\t\t<div class=\"elementor-spacer\">\n\t\t\t<div class=\"elementor-spacer-inner\"><\/div>\n\t\t<\/div>\n\t\t\t\t\t\t<\/div>\n\t\t\t\t<\/div>\n\t\t\t\t<\/div>\n\t\t<a class=\"elementor-element elementor-element-0e0a83f e-flex e-con-boxed e-con e-parent\" data-id=\"0e0a83f\" data-element_type=\"container\" data-e-type=\"container\" href=\"https:\/\/silk.lauracharlie.com\/?page_id=271\">\n\t\t\t\t\t<div class=\"e-con-inner\">\n\t\t<div class=\"elementor-element elementor-element-89fc812 e-con-full e-flex e-con e-child\" data-id=\"89fc812\" data-element_type=\"container\" data-e-type=\"container\" data-settings=\"{&quot;background_background&quot;:&quot;classic&quot;}\">\n\t\t\t\t<\/div>\n\t\t<div class=\"elementor-element elementor-element-750aaaf e-con-full e-flex e-con e-child\" data-id=\"750aaaf\" data-element_type=\"container\" data-e-type=\"container\">\n\t\t\t\t<div class=\"elementor-element elementor-element-1aa3c3c elementor-widget elementor-widget-heading\" data-id=\"1aa3c3c\" data-element_type=\"widget\" data-e-type=\"widget\" data-widget_type=\"heading.default\">\n\t\t\t\t<div class=\"elementor-widget-container\">\n\t\t\t\t\t<h2 class=\"elementor-heading-title elementor-size-default\">dise\u00f1os<\/h2>\t\t\t\t<\/div>\n\t\t\t\t<\/div>\n\t\t\t\t<\/div>\n\t\t\t\t\t<\/div>\n\t\t\t\t<\/a>\n\t\t<div class=\"elementor-element elementor-element-03a3c31 e-con-full e-flex e-con e-parent\" data-id=\"03a3c31\" data-element_type=\"container\" data-e-type=\"container\">\n\t\t\t\t<div class=\"elementor-element elementor-element-665702d elementor-widget elementor-widget-spacer\" data-id=\"665702d\" data-element_type=\"widget\" data-e-type=\"widget\" data-widget_type=\"spacer.default\">\n\t\t\t\t<div class=\"elementor-widget-container\">\n\t\t\t\t\t\t\t<div class=\"elementor-spacer\">\n\t\t\t<div class=\"elementor-spacer-inner\"><\/div>\n\t\t<\/div>\n\t\t\t\t\t\t<\/div>\n\t\t\t\t<\/div>\n\t\t\t\t<\/div>\n\t\t<a class=\"elementor-element elementor-element-1d47a4b e-flex e-con-boxed e-con e-parent\" data-id=\"1d47a4b\" data-element_type=\"container\" data-e-type=\"container\" href=\"https:\/\/silk.lauracharlie.com\/?page_id=271\">\n\t\t\t\t\t<div class=\"e-con-inner\">\n\t\t<div class=\"elementor-element elementor-element-ebe9967 e-con-full e-flex e-con e-child\" data-id=\"ebe9967\" data-element_type=\"container\" data-e-type=\"container\" data-settings=\"{&quot;background_background&quot;:&quot;classic&quot;}\">\n\t\t\t\t<\/div>\n\t\t<div class=\"elementor-element elementor-element-283d5f7 e-con-full e-flex e-con e-child\" data-id=\"283d5f7\" data-element_type=\"container\" data-e-type=\"container\">\n\t\t\t\t<div class=\"elementor-element elementor-element-7fcf415 elementor-widget elementor-widget-heading\" data-id=\"7fcf415\" data-element_type=\"widget\" data-e-type=\"widget\" data-widget_type=\"heading.default\">\n\t\t\t\t<div class=\"elementor-widget-container\">\n\t\t\t\t\t<h2 class=\"elementor-heading-title elementor-size-default\">muestras impresas<\/h2>\t\t\t\t<\/div>\n\t\t\t\t<\/div>\n\t\t\t\t<\/div>\n\t\t\t\t\t<\/div>\n\t\t\t\t<\/a>\n\t\t<div class=\"elementor-element elementor-element-cee19a7 e-con-full e-flex e-con e-parent\" data-id=\"cee19a7\" data-element_type=\"container\" data-e-type=\"container\">\n\t\t\t\t<\/div>\n\t\t<div class=\"elementor-element elementor-element-cdc4e4e e-con-full e-flex e-con e-parent\" data-id=\"cdc4e4e\" data-element_type=\"container\" data-e-type=\"container\" data-settings=\"{&quot;background_background&quot;:&quot;classic&quot;}\">\n\t\t<a class=\"elementor-element elementor-element-591a985 e-con-full e-flex e-con e-child\" data-id=\"591a985\" data-element_type=\"container\" data-e-type=\"container\" href=\"https:\/\/www.redbubble.com\/people\/lauracharlie\/shop\" target=\"_blank\">\n\t\t\t\t<div class=\"elementor-element elementor-element-b54390f elementor-widget elementor-widget-image\" data-id=\"b54390f\" data-element_type=\"widget\" data-e-type=\"widget\" data-widget_type=\"image.default\">\n\t\t\t\t<div class=\"elementor-widget-container\">\n\t\t\t\t\t\t\t\t\t\t\t\t\t\t\t<img decoding=\"async\" width=\"141\" height=\"30\" src=\"https:\/\/silk.lauracharlie.com\/wp-content\/uploads\/2025\/06\/rbb-pic1.png\" class=\"attachment-medium size-medium wp-image-2569\" alt=\"\" \/>\t\t\t\t\t\t\t\t\t\t\t\t\t\t\t<\/div>\n\t\t\t\t<\/div>\n\t\t\t\t<div class=\"elementor-element elementor-element-956704e elementor-widget elementor-widget-image\" data-id=\"956704e\" data-element_type=\"widget\" data-e-type=\"widget\" data-widget_type=\"image.default\">\n\t\t\t\t<div class=\"elementor-widget-container\">\n\t\t\t\t\t\t\t\t\t\t\t\t\t\t\t<img fetchpriority=\"high\" decoding=\"async\" width=\"768\" height=\"331\" src=\"https:\/\/silk.lauracharlie.com\/wp-content\/uploads\/2025\/06\/ejemplos-t-768x331.png\" class=\"attachment-medium_large size-medium_large wp-image-2563\" alt=\"\" srcset=\"https:\/\/silk.lauracharlie.com\/wp-content\/uploads\/2025\/06\/ejemplos-t-768x331.png 768w, https:\/\/silk.lauracharlie.com\/wp-content\/uploads\/2025\/06\/ejemplos-t-300x129.png 300w, https:\/\/silk.lauracharlie.com\/wp-content\/uploads\/2025\/06\/ejemplos-t-1024x442.png 1024w, https:\/\/silk.lauracharlie.com\/wp-content\/uploads\/2025\/06\/ejemplos-t-600x259.png 600w, https:\/\/silk.lauracharlie.com\/wp-content\/uploads\/2025\/06\/ejemplos-t.png 1300w\" sizes=\"(max-width: 768px) 100vw, 768px\" \/>\t\t\t\t\t\t\t\t\t\t\t\t\t\t\t<\/div>\n\t\t\t\t<\/div>\n\t\t\t\t<\/a>\n\t\t<a class=\"elementor-element elementor-element-d316dbd e-con-full e-flex e-con e-child\" data-id=\"d316dbd\" data-element_type=\"container\" data-e-type=\"container\" href=\"https:\/\/lauracharlie.com\" target=\"_blank\">\n\t\t\t\t<div class=\"elementor-element elementor-element-0c62209 elementor-widget elementor-widget-image\" data-id=\"0c62209\" data-element_type=\"widget\" data-e-type=\"widget\" data-widget_type=\"image.default\">\n\t\t\t\t<div class=\"elementor-widget-container\">\n\t\t\t\t\t\t\t\t\t\t\t\t\t\t\t<img decoding=\"async\" width=\"150\" height=\"56\" src=\"https:\/\/silk.lauracharlie.com\/wp-content\/uploads\/2020\/06\/cropped-log-150-ap1-1.jpg\" class=\"attachment-large size-large wp-image-155\" alt=\"\" \/>\t\t\t\t\t\t\t\t\t\t\t\t\t\t\t<\/div>\n\t\t\t\t<\/div>\n\t\t\t\t<div class=\"elementor-element elementor-element-851aa9d elementor-widget elementor-widget-image\" data-id=\"851aa9d\" data-element_type=\"widget\" data-e-type=\"widget\" data-widget_type=\"image.default\">\n\t\t\t\t<div class=\"elementor-widget-container\">\n\t\t\t\t\t\t\t\t\t\t\t\t\t\t\t<img loading=\"lazy\" decoding=\"async\" width=\"300\" height=\"300\" src=\"https:\/\/silk.lauracharlie.com\/wp-content\/uploads\/2023\/06\/voices2text-copia-300x300.jpg\" class=\"attachment-medium size-medium wp-image-2135\" alt=\"\" srcset=\"https:\/\/silk.lauracharlie.com\/wp-content\/uploads\/2023\/06\/voices2text-copia-300x300.jpg 300w, https:\/\/silk.lauracharlie.com\/wp-content\/uploads\/2023\/06\/voices2text-copia-1024x1024.jpg 1024w, https:\/\/silk.lauracharlie.com\/wp-content\/uploads\/2023\/06\/voices2text-copia-150x150.jpg 150w, https:\/\/silk.lauracharlie.com\/wp-content\/uploads\/2023\/06\/voices2text-copia-768x768.jpg 768w, https:\/\/silk.lauracharlie.com\/wp-content\/uploads\/2023\/06\/voices2text-copia-1536x1536.jpg 1536w, https:\/\/silk.lauracharlie.com\/wp-content\/uploads\/2023\/06\/voices2text-copia-2048x2048.jpg 2048w\" sizes=\"(max-width: 300px) 100vw, 300px\" \/>\t\t\t\t\t\t\t\t\t\t\t\t\t\t\t<\/div>\n\t\t\t\t<\/div>\n\t\t\t\t<\/a>\n\t\t\t\t<\/div>\n\t\t<a class=\"elementor-element elementor-element-6102028 e-con-full e-flex e-con e-parent\" data-id=\"6102028\" data-element_type=\"container\" data-e-type=\"container\" href=\"https:\/\/silk.lauracharlie.com\/?page_id=271\">\n\t\t\t\t<div class=\"elementor-element elementor-element-188e937 elementor-widget elementor-widget-heading\" data-id=\"188e937\" data-element_type=\"widget\" data-e-type=\"widget\" data-widget_type=\"heading.default\">\n\t\t\t\t<div class=\"elementor-widget-container\">\n\t\t\t\t\t<h2 class=\"elementor-heading-title elementor-size-default\"><a href=\"https:\/\/silk.lauracharlie.com\/?page_id=889\"> dise\u00f1o personalizado<\/a><\/h2>\t\t\t\t<\/div>\n\t\t\t\t<\/div>\n\t\t\t\t<div class=\"elementor-element elementor-element-f0c6f32 elementor-widget elementor-widget-image\" data-id=\"f0c6f32\" data-element_type=\"widget\" data-e-type=\"widget\" data-widget_type=\"image.default\">\n\t\t\t\t<div class=\"elementor-widget-container\">\n\t\t\t\t\t\t\t\t\t\t\t\t\t\t\t<img loading=\"lazy\" decoding=\"async\" width=\"800\" height=\"298\" src=\"https:\/\/silk.lauracharlie.com\/wp-content\/uploads\/2023\/03\/personaliz2-1024x381.png\" class=\"attachment-large size-large wp-image-1443\" alt=\"\" srcset=\"https:\/\/silk.lauracharlie.com\/wp-content\/uploads\/2023\/03\/personaliz2-1024x381.png 1024w, https:\/\/silk.lauracharlie.com\/wp-content\/uploads\/2023\/03\/personaliz2-300x112.png 300w, https:\/\/silk.lauracharlie.com\/wp-content\/uploads\/2023\/03\/personaliz2-768x286.png 768w, https:\/\/silk.lauracharlie.com\/wp-content\/uploads\/2023\/03\/personaliz2-1536x571.png 1536w, https:\/\/silk.lauracharlie.com\/wp-content\/uploads\/2023\/03\/personaliz2.png 1882w\" sizes=\"(max-width: 800px) 100vw, 800px\" \/>\t\t\t\t\t\t\t\t\t\t\t\t\t\t\t<\/div>\n\t\t\t\t<\/div>\n\t\t\t\t<\/a>\n\t\t<div class=\"elementor-element elementor-element-4fe4f99 e-con-full e-flex e-con e-parent\" data-id=\"4fe4f99\" data-element_type=\"container\" data-e-type=\"container\">\n\t\t\t\t<div class=\"elementor-element elementor-element-299c338 elementor-widget elementor-widget-spacer\" data-id=\"299c338\" data-element_type=\"widget\" data-e-type=\"widget\" data-widget_type=\"spacer.default\">\n\t\t\t\t<div class=\"elementor-widget-container\">\n\t\t\t\t\t\t\t<div class=\"elementor-spacer\">\n\t\t\t<div class=\"elementor-spacer-inner\"><\/div>\n\t\t<\/div>\n\t\t\t\t\t\t<\/div>\n\t\t\t\t<\/div>\n\t\t\t\t<\/div>\n\t\t<a class=\"elementor-element elementor-element-d0e7aae e-con-full e-flex e-con e-parent\" data-id=\"d0e7aae\" data-element_type=\"container\" data-e-type=\"container\" data-settings=\"{&quot;background_background&quot;:&quot;classic&quot;}\" href=\"https:\/\/silk.lauracharlie.com\/?page_id=219\">\n\t\t<div class=\"elementor-element elementor-element-08b8561 e-flex e-con-boxed e-con e-child\" data-id=\"08b8561\" data-element_type=\"container\" data-e-type=\"container\" data-settings=\"{&quot;background_background&quot;:&quot;classic&quot;}\">\n\t\t\t\t\t<div class=\"e-con-inner\">\n\t\t<div class=\"elementor-element elementor-element-f4e2631 e-flex e-con-boxed e-con e-child\" data-id=\"f4e2631\" data-element_type=\"container\" data-e-type=\"container\">\n\t\t\t\t\t<div class=\"e-con-inner\">\n\t\t<div class=\"elementor-element elementor-element-e1d1a0c e-con-full e-flex e-con e-child\" data-id=\"e1d1a0c\" data-element_type=\"container\" data-e-type=\"container\" data-settings=\"{&quot;background_background&quot;:&quot;gradient&quot;}\">\n\t\t\t\t<div class=\"elementor-element elementor-element-697be97 elementor-widget elementor-widget-heading\" data-id=\"697be97\" data-element_type=\"widget\" data-e-type=\"widget\" data-widget_type=\"heading.default\">\n\t\t\t\t<div class=\"elementor-widget-container\">\n\t\t\t\t\t<h2 class=\"elementor-heading-title elementor-size-default\">pintura manual<\/h2>\t\t\t\t<\/div>\n\t\t\t\t<\/div>\n\t\t\t\t<\/div>\n\t\t\t\t\t<\/div>\n\t\t\t\t<\/div>\n\t\t\t\t\t<\/div>\n\t\t\t\t<\/div>\n\t\t\t\t<\/a>\n\t\t<div class=\"elementor-element elementor-element-505f550 e-con-full e-flex e-con e-parent\" data-id=\"505f550\" data-element_type=\"container\" data-e-type=\"container\">\n\t\t\t\t<div class=\"elementor-element elementor-element-21f828c elementor-widget elementor-widget-spacer\" data-id=\"21f828c\" data-element_type=\"widget\" data-e-type=\"widget\" data-widget_type=\"spacer.default\">\n\t\t\t\t<div class=\"elementor-widget-container\">\n\t\t\t\t\t\t\t<div class=\"elementor-spacer\">\n\t\t\t<div class=\"elementor-spacer-inner\"><\/div>\n\t\t<\/div>\n\t\t\t\t\t\t<\/div>\n\t\t\t\t<\/div>\n\t\t\t\t<\/div>\n\t\t<div class=\"elementor-element elementor-element-58492f3 e-flex e-con-boxed e-con e-parent\" data-id=\"58492f3\" data-element_type=\"container\" data-e-type=\"container\" data-settings=\"{&quot;background_background&quot;:&quot;classic&quot;}\">\n\t\t\t\t\t<div class=\"e-con-inner\">\n\t\t<div class=\"elementor-element elementor-element-4046747 e-con-full e-flex e-con e-child\" data-id=\"4046747\" data-element_type=\"container\" data-e-type=\"container\">\n\t\t\t\t<div class=\"elementor-element elementor-element-05a5088 elementor-widget elementor-widget-heading\" data-id=\"05a5088\" data-element_type=\"widget\" data-e-type=\"widget\" data-widget_type=\"heading.default\">\n\t\t\t\t<div class=\"elementor-widget-container\">\n\t\t\t\t\t<h2 class=\"elementor-heading-title elementor-size-medium\"><a href=\"https:\/\/silk.lauracharlie.com\/\">inicio<\/a><\/h2>\t\t\t\t<\/div>\n\t\t\t\t<\/div>\n\t\t\t\t<div class=\"elementor-element elementor-element-4b82559 elementor-widget elementor-widget-heading\" data-id=\"4b82559\" data-element_type=\"widget\" data-e-type=\"widget\" data-widget_type=\"heading.default\">\n\t\t\t\t<div class=\"elementor-widget-container\">\n\t\t\t\t\t<h2 class=\"elementor-heading-title elementor-size-medium\"><a href=\"https:\/\/silk.lauracharlie.com\/?page_id=271\">dise\u00f1os<\/a><\/h2>\t\t\t\t<\/div>\n\t\t\t\t<\/div>\n\t\t\t\t<div class=\"elementor-element elementor-element-c1ed26a elementor-widget elementor-widget-heading\" data-id=\"c1ed26a\" data-element_type=\"widget\" data-e-type=\"widget\" data-widget_type=\"heading.default\">\n\t\t\t\t<div class=\"elementor-widget-container\">\n\t\t\t\t\t<h2 class=\"elementor-heading-title elementor-size-medium\"><a href=\"https:\/\/silk.lauracharlie.com\/?page_id=271\">personalizados<\/a><\/h2>\t\t\t\t<\/div>\n\t\t\t\t<\/div>\n\t\t\t\t<div class=\"elementor-element elementor-element-4aff20b elementor-widget elementor-widget-heading\" data-id=\"4aff20b\" data-element_type=\"widget\" data-e-type=\"widget\" data-widget_type=\"heading.default\">\n\t\t\t\t<div class=\"elementor-widget-container\">\n\t\t\t\t\t<h2 class=\"elementor-heading-title elementor-size-medium\"><a href=\"https:\/\/silk.lauracharlie.com\/?page_id=219\">pintura manual<\/a><\/h2>\t\t\t\t<\/div>\n\t\t\t\t<\/div>\n\t\t\t\t<\/div>\n\t\t<div class=\"elementor-element elementor-element-cd0ac24 e-con-full e-flex e-con e-child\" data-id=\"cd0ac24\" data-element_type=\"container\" data-e-type=\"container\">\n\t\t<div class=\"elementor-element elementor-element-fefb13c e-con-full e-flex e-con e-child\" data-id=\"fefb13c\" data-element_type=\"container\" data-e-type=\"container\">\n\t\t\t\t<div class=\"elementor-element elementor-element-021e180 elementor-widget elementor-widget-image\" data-id=\"021e180\" data-element_type=\"widget\" data-e-type=\"widget\" data-widget_type=\"image.default\">\n\t\t\t\t<div class=\"elementor-widget-container\">\n\t\t\t\t\t\t\t\t\t\t\t\t\t\t\t\t<a href=\"https:\/\/www.redbubble.com\/people\/lauracharlie\/shop\" target=\"_blank\">\n\t\t\t\t\t\t\t<img decoding=\"async\" width=\"141\" height=\"30\" src=\"https:\/\/silk.lauracharlie.com\/wp-content\/uploads\/2025\/06\/rbb-pic1.png\" class=\"attachment-medium size-medium wp-image-2569\" alt=\"\" \/>\t\t\t\t\t\t\t\t<\/a>\n\t\t\t\t\t\t\t\t\t\t\t\t\t\t\t<\/div>\n\t\t\t\t<\/div>\n\t\t\t\t<\/div>\n\t\t<div class=\"elementor-element elementor-element-91bf168 e-con-full e-flex e-con e-child\" data-id=\"91bf168\" data-element_type=\"container\" data-e-type=\"container\">\n\t\t\t\t<div class=\"elementor-element elementor-element-df726e5 elementor-widget elementor-widget-image\" data-id=\"df726e5\" data-element_type=\"widget\" data-e-type=\"widget\" data-widget_type=\"image.default\">\n\t\t\t\t<div class=\"elementor-widget-container\">\n\t\t\t\t\t\t\t\t\t\t\t\t\t\t\t\t<a href=\"https:\/\/www.pinterest.es\/llauracharlie\">\n\t\t\t\t\t\t\t<img decoding=\"async\" src=\"https:\/\/silk.lauracharlie.com\/wp-content\/uploads\/elementor\/thumbs\/f6e93a06b500b2d87ffd32e1f56f7c6f-1-q5tkx4bowwh29kt4y776evvga9bu8himgofv5psk8k.jpg\" title=\"f6e93a06b500b2d87ffd32e1f56f7c6f-1\" alt=\"f6e93a06b500b2d87ffd32e1f56f7c6f-1\" loading=\"lazy\" \/>\t\t\t\t\t\t\t\t<\/a>\n\t\t\t\t\t\t\t\t\t\t\t\t\t\t\t<\/div>\n\t\t\t\t<\/div>\n\t\t\t\t<\/div>\n\t\t<div class=\"elementor-element elementor-element-2166912 e-con-full e-flex e-con e-child\" data-id=\"2166912\" data-element_type=\"container\" data-e-type=\"container\">\n\t\t\t\t<div class=\"elementor-element elementor-element-3d3534e elementor-widget elementor-widget-image\" data-id=\"3d3534e\" data-element_type=\"widget\" data-e-type=\"widget\" data-widget_type=\"image.default\">\n\t\t\t\t<div class=\"elementor-widget-container\">\n\t\t\t\t\t\t\t\t\t\t\t\t\t\t\t<img loading=\"lazy\" decoding=\"async\" width=\"48\" height=\"48\" src=\"https:\/\/silk.lauracharlie.com\/wp-content\/uploads\/2014\/09\/logo-diavolilla-neg-p.jpg\" class=\"attachment-thumbnail size-thumbnail wp-image-27\" alt=\"\" \/>\t\t\t\t\t\t\t\t\t\t\t\t\t\t\t<\/div>\n\t\t\t\t<\/div>\n\t\t\t\t<div class=\"elementor-element elementor-element-ffec960 elementor-widget elementor-widget-heading\" data-id=\"ffec960\" data-element_type=\"widget\" data-e-type=\"widget\" data-widget_type=\"heading.default\">\n\t\t\t\t<div class=\"elementor-widget-container\">\n\t\t\t\t\t<h2 class=\"elementor-heading-title elementor-size-default\">lauracharlie graphic<\/h2>\t\t\t\t<\/div>\n\t\t\t\t<\/div>\n\t\t\t\t<\/div>\n\t\t\t\t<\/div>\n\t\t<div class=\"elementor-element elementor-element-338760c e-con-full e-flex e-con e-child\" data-id=\"338760c\" data-element_type=\"container\" data-e-type=\"container\">\n\t\t\t\t<div class=\"elementor-element elementor-element-820ea8d elementor-widget elementor-widget-heading\" data-id=\"820ea8d\" data-element_type=\"widget\" data-e-type=\"widget\" data-widget_type=\"heading.default\">\n\t\t\t\t<div class=\"elementor-widget-container\">\n\t\t\t\t\t<h2 class=\"elementor-heading-title elementor-size-medium\"><a href=\"https:\/\/silk.lauracharlie.com\/?page_id=2279\">acerca<\/a><\/h2>\t\t\t\t<\/div>\n\t\t\t\t<\/div>\n\t\t\t\t<div class=\"elementor-element elementor-element-e9e89f9 elementor-widget elementor-widget-heading\" data-id=\"e9e89f9\" data-element_type=\"widget\" data-e-type=\"widget\" data-widget_type=\"heading.default\">\n\t\t\t\t<div class=\"elementor-widget-container\">\n\t\t\t\t\t<h2 class=\"elementor-heading-title elementor-size-medium\"><a href=\"https:\/\/silk.lauracharlie.com\/?page_id=889\">metodo<\/a><\/h2>\t\t\t\t<\/div>\n\t\t\t\t<\/div>\n\t\t\t\t<\/div>\n\t\t<div class=\"elementor-element elementor-element-71afcc1 e-con-full e-flex e-con e-child\" data-id=\"71afcc1\" data-element_type=\"container\" data-e-type=\"container\">\n\t\t\t\t<div class=\"elementor-element elementor-element-35e8570 elementor-widget elementor-widget-heading\" data-id=\"35e8570\" data-element_type=\"widget\" data-e-type=\"widget\" data-widget_type=\"heading.default\">\n\t\t\t\t<div class=\"elementor-widget-container\">\n\t\t\t\t\t<h2 class=\"elementor-heading-title elementor-size-medium\"><a href=\"https:\/\/silk.lauracharlie.com\/?page_id=42\">contacto<\/a><\/h2>\t\t\t\t<\/div>\n\t\t\t\t<\/div>\n\t\t\t\t<\/div>\n\t\t\t\t\t<\/div>\n\t\t\t\t<\/div>\n\t\t<div class=\"elementor-element elementor-element-a0861f1 e-con-full e-flex e-con e-parent\" data-id=\"a0861f1\" data-element_type=\"container\" data-e-type=\"container\" data-settings=\"{&quot;background_background&quot;:&quot;classic&quot;}\">\n\t\t\t\t<div class=\"elementor-element elementor-element-482ac33 elementor-widget elementor-widget-heading\" data-id=\"482ac33\" data-element_type=\"widget\" data-e-type=\"widget\" data-widget_type=\"heading.default\">\n\t\t\t\t<div class=\"elementor-widget-container\">\n\t\t\t\t\t<h2 class=\"elementor-heading-title elementor-size-default\">\u00a9lauracharlie 2025<\/h2>\t\t\t\t<\/div>\n\t\t\t\t<\/div>\n\t\t\t\t<\/div>\n\t\t\t\t<\/div>\n\t\t","protected":false},"excerpt":{"rendered":"<p>dise\u00f1os muestras impresas dise\u00f1o personalizado pintura manual inicio dise\u00f1os personalizados pintura manual lauracharlie graphic acerca metodo contacto \u00a9lauracharlie 2025<\/p>\n","protected":false},"author":1,"featured_media":0,"parent":0,"menu_order":0,"comment_status":"closed","ping_status":"closed","template":"","meta":{"two_page_speed":[],"footnotes":""},"class_list":["post-2394","page","type-page","status-publish","hentry"],"_links":{"self":[{"href":"https:\/\/silk.lauracharlie.com\/index.php?rest_route=\/wp\/v2\/pages\/2394","targetHints":{"allow":["GET"]}}],"collection":[{"href":"https:\/\/silk.lauracharlie.com\/index.php?rest_route=\/wp\/v2\/pages"}],"about":[{"href":"https:\/\/silk.lauracharlie.com\/index.php?rest_route=\/wp\/v2\/types\/page"}],"author":[{"embeddable":true,"href":"https:\/\/silk.lauracharlie.com\/index.php?rest_route=\/wp\/v2\/users\/1"}],"replies":[{"embeddable":true,"href":"https:\/\/silk.lauracharlie.com\/index.php?rest_route=%2Fwp%2Fv2%2Fcomments&post=2394"}],"version-history":[{"count":75,"href":"https:\/\/silk.lauracharlie.com\/index.php?rest_route=\/wp\/v2\/pages\/2394\/revisions"}],"predecessor-version":[{"id":2597,"href":"https:\/\/silk.lauracharlie.com\/index.php?rest_route=\/wp\/v2\/pages\/2394\/revisions\/2597"}],"wp:attachment":[{"href":"https:\/\/silk.lauracharlie.com\/index.php?rest_route=%2Fwp%2Fv2%2Fmedia&parent=2394"}],"curies":[{"name":"wp","href":"https:\/\/api.w.org\/{rel}","templated":true}]}}