{"id":2279,"date":"2023-07-15T11:10:14","date_gmt":"2023-07-15T11:10:14","guid":{"rendered":"https:\/\/silk.lauracharlie.com\/?page_id=2279"},"modified":"2023-07-15T11:13:43","modified_gmt":"2023-07-15T11:13:43","slug":"acerca","status":"publish","type":"page","link":"https:\/\/silk.lauracharlie.com\/?page_id=2279","title":{"rendered":"acerca"},"content":{"rendered":"\t\t<div data-elementor-type=\"wp-page\" data-elementor-id=\"2279\" class=\"elementor elementor-2279\" data-elementor-post-type=\"page\">\n\t\t\t\t<div class=\"elementor-element elementor-element-8c69d2b e-flex e-con-boxed e-con e-parent\" data-id=\"8c69d2b\" data-element_type=\"container\" data-e-type=\"container\">\n\t\t\t\t\t<div class=\"e-con-inner\">\n\t\t\t\t\t<\/div>\n\t\t\t\t<\/div>\n\t\t<div class=\"elementor-element elementor-element-c15d383 e-con-full e-flex e-con e-parent\" data-id=\"c15d383\" data-element_type=\"container\" data-e-type=\"container\">\n\t\t\t\t<div class=\"elementor-element elementor-element-6244c0a elementor-widget elementor-widget-text-editor\" data-id=\"6244c0a\" data-element_type=\"widget\" data-e-type=\"widget\" data-widget_type=\"text-editor.default\">\n\t\t\t\t<div class=\"elementor-widget-container\">\n\t\t\t\t\t\t\t\t\t<p style=\"font-weight: 400;\"><strong>Historia<\/strong>.<\/p><p style=\"font-weight: 400;\">\u00a0<\/p><p style=\"font-weight: 400;\">Veinte a\u00f1os directora de arte en publicidad (BBDO, DDB, Contrapunto, JWT entre otras).<\/p><p style=\"font-weight: 400;\">Dise\u00f1adora y artista en varios soportes.<\/p><p style=\"font-weight: 400;\">Pintora en seda y otros tejidos. Producci\u00f3n propia y colaboraci\u00f3n con varios estilistas.<\/p><p style=\"font-weight: 400;\">\u00a0<\/p><p style=\"font-weight: 400;\"><strong>\u00c1reas de aplicaci\u00f3n.<\/strong><\/p><p style=\"font-weight: 400;\">\u00a0<\/p><p style=\"font-weight: 400;\">Publicidad, ilustraci\u00f3n, libros de arte,\u00a0<a href=\"http:\/\/silk.lauracharlie.com\/\">pintura en seda<\/a>, danza y escena,<\/p><p style=\"font-weight: 400;\">Trabajando con productos industriales, poetas, artistas de escena, estilistas de moda\u2026<\/p><p style=\"font-weight: 400;\">\u00a0<\/p><p style=\"font-weight: 400;\">Ideaci\u00f3n y ejecuci\u00f3n de campa\u00f1as, edici\u00f3n gr\u00e1fica, interpretaci\u00f3n de deseos y intenciones de gente de diversas caracter\u00edsticas y distintos pa\u00edses.<\/p><p style=\"font-weight: 400;\">Encantada de trabajar en equipo, que el resultado de mi trabajo se forme del encuentro de necesidades y sensibilidades de los participantes al proyecto.<\/p><p style=\"font-weight: 400;\">\u00a0<\/p><p style=\"font-weight: 400;\"><strong>Planteamiento.<\/strong><\/p><p style=\"font-weight: 400;\">\u00a0<\/p><p style=\"font-weight: 400;\">Mi trabajo como creativa: manejar el material a mano, poner en contacto las cosas alrededor, dejar que este contacto de forma a una idea, hacer esta idea visible, para construir algo funcional a lo requerido, est\u00e9tico, agradable o, simple pero no banalmente, vendible.<\/p><p style=\"font-weight: 400;\">\u00a0<\/p><p style=\"font-weight: 400;\"><strong>Aficiones.<\/strong><\/p><p style=\"font-weight: 400;\">\u00a0<\/p><p style=\"font-weight: 400;\">Adem\u00e1s, por descontado, de todo lo relacionado con creatividad, arte, imagen, est\u00e1 la danza.<\/p><p style=\"font-weight: 400;\">A\u00f1os y a\u00f1os frecuentando estudios de cl\u00e1sico, jazz, contempor\u00e1neo, siendo esta \u00faltima disciplina donde mas he encontrado mi expresi\u00f3n.<\/p><p style=\"font-weight: 400;\">\u00a0<\/p><p style=\"font-weight: 400;\">Veo una clara relaci\u00f3n entre el moverse en el espacio, expresar concepto a trav\u00e9s del movimiento con lo que se fija en imagen gr\u00e1fica.<\/p><p style=\"font-weight: 400;\">\u00a0<\/p><p style=\"font-weight: 400;\">Actualmente participo en el espect\u00e1culo\u00a0<a href=\"http:\/\/lauracharlie.com\/?page_id=1514\">Y Ahora Qu\u00e9?<\/a>, de Zenaida Alcalde, con acciones de pintura, danza y mas; Gala de J\u00e9r\u00f4me Bel, espect\u00e1culo de danza; Ella, de Luc\u00eda Marote, espect\u00e1culo de danza.<\/p><p style=\"font-weight: 400;\">\u00a0<\/p><p style=\"font-weight: 400;\">Si est\u00e1s interesado en trabajar con lauracharlie, por favor,\u00a0<a href=\"https:\/\/silk.lauracharlie.com\/?page_id=42\">cont\u00e1ctame p<\/a>ara cualquier pregunta y informaci\u00f3n<\/p><p>\u00a0<\/p><p style=\"font-weight: 400;\">Todos los trabajos: \u00a9lauracharlie<\/p>\t\t\t\t\t\t\t\t<\/div>\n\t\t\t\t<\/div>\n\t\t\t\t<\/div>\n\t\t\t\t<\/div>\n\t\t","protected":false},"excerpt":{"rendered":"<p>Historia. \u00a0 Veinte a\u00f1os directora de arte en publicidad (BBDO, DDB, Contrapunto, JWT entre otras). Dise\u00f1adora y artista en varios soportes. Pintora en seda y otros tejidos. Producci\u00f3n propia y colaboraci\u00f3n con varios estilistas. \u00a0 \u00c1reas de aplicaci\u00f3n. \u00a0 Publicidad, ilustraci\u00f3n, libros de arte,\u00a0pintura en seda, danza y escena, Trabajando con productos industriales, poetas, artistas [&hellip;]<\/p>\n","protected":false},"author":1,"featured_media":0,"parent":0,"menu_order":0,"comment_status":"closed","ping_status":"closed","template":"","meta":{"two_page_speed":[],"footnotes":""},"class_list":["post-2279","page","type-page","status-publish","hentry"],"_links":{"self":[{"href":"https:\/\/silk.lauracharlie.com\/index.php?rest_route=\/wp\/v2\/pages\/2279","targetHints":{"allow":["GET"]}}],"collection":[{"href":"https:\/\/silk.lauracharlie.com\/index.php?rest_route=\/wp\/v2\/pages"}],"about":[{"href":"https:\/\/silk.lauracharlie.com\/index.php?rest_route=\/wp\/v2\/types\/page"}],"author":[{"embeddable":true,"href":"https:\/\/silk.lauracharlie.com\/index.php?rest_route=\/wp\/v2\/users\/1"}],"replies":[{"embeddable":true,"href":"https:\/\/silk.lauracharlie.com\/index.php?rest_route=%2Fwp%2Fv2%2Fcomments&post=2279"}],"version-history":[{"count":6,"href":"https:\/\/silk.lauracharlie.com\/index.php?rest_route=\/wp\/v2\/pages\/2279\/revisions"}],"predecessor-version":[{"id":2288,"href":"https:\/\/silk.lauracharlie.com\/index.php?rest_route=\/wp\/v2\/pages\/2279\/revisions\/2288"}],"wp:attachment":[{"href":"https:\/\/silk.lauracharlie.com\/index.php?rest_route=%2Fwp%2Fv2%2Fmedia&parent=2279"}],"curies":[{"name":"wp","href":"https:\/\/api.w.org\/{rel}","templated":true}]}}